{"id":383,"date":"2025-07-16T10:00:07","date_gmt":"2025-07-16T10:00:07","guid":{"rendered":"https:\/\/domainejeanyvesbizot.com\/?page_id=383"},"modified":"2025-07-18T14:26:38","modified_gmt":"2025-07-18T14:26:38","slug":"politique-de-confidentialite","status":"publish","type":"page","link":"https:\/\/domainejeanyvesbizot.com\/en\/politique-de-confidentialite\/","title":{"rendered":"Privacy Policy"},"content":{"rendered":"<div data-elementor-type=\"wp-page\" data-elementor-id=\"383\" class=\"elementor elementor-383\" data-elementor-post-type=\"page\">\n\t\t\t\t<div class=\"elementor-element elementor-element-d6d1d8f e-flex e-con-boxed e-con e-parent\" data-id=\"d6d1d8f\" data-element_type=\"container\" data-e-type=\"container\">\n\t\t\t\t\t<div class=\"e-con-inner\">\n\t\t\t\t<div class=\"elementor-element elementor-element-e15762a elementor-widget elementor-widget-text-editor\" data-id=\"e15762a\" data-element_type=\"widget\" data-e-type=\"widget\" data-widget_type=\"text-editor.default\">\n\t\t\t\t\t\t\t\t\t<h3 data-start=\"234\" data-end=\"253\">1. Introduction<\/h3><p data-start=\"255\" data-end=\"529\">La pr\u00e9sente politique de confidentialit\u00e9 a pour but de vous informer de mani\u00e8re claire et transparente sur la mani\u00e8re dont le <strong data-start=\"381\" data-end=\"408\">Domaine Jean-Yves Bizot<\/strong> collecte, utilise et prot\u00e8ge vos donn\u00e9es personnelles lors de votre navigation sur le site <strong data-start=\"500\" data-end=\"528\">domainejeanyvesbizot.com<\/strong>.<\/p><h3 data-start=\"531\" data-end=\"563\">2. Responsable du traitement<\/h3><p data-start=\"565\" data-end=\"599\">Le responsable du traitement est :<\/p><p data-start=\"601\" data-end=\"757\"><strong data-start=\"601\" data-end=\"628\">Domaine Jean-Yves Bizot<\/strong><br data-start=\"628\" data-end=\"631\" \/>9 Rue de la Grand Velle<br data-start=\"654\" data-end=\"657\" \/>21700 Vosne-Roman\u00e9e \u2013 France<br data-start=\"685\" data-end=\"688\" \/>T\u00e9l\u00e9phone : 03 80 61 24 66<br data-start=\"714\" data-end=\"717\" \/>Email : <a class=\"cursor-pointer\" rel=\"noopener\" data-start=\"725\" data-end=\"757\">contact@domainejeanyvesbizot.com<\/a><\/p><h3 data-start=\"759\" data-end=\"784\">3. Donn\u00e9es collect\u00e9es<\/h3><p data-start=\"786\" data-end=\"869\">Lors de votre visite sur notre site, nous pouvons collecter les donn\u00e9es suivantes :<\/p><ul data-start=\"871\" data-end=\"1068\"><li data-start=\"871\" data-end=\"886\"><p data-start=\"873\" data-end=\"886\">Nom, pr\u00e9nom<\/p><\/li><li data-start=\"887\" data-end=\"904\"><p data-start=\"889\" data-end=\"904\">Adresse email<\/p><\/li><li data-start=\"905\" data-end=\"928\"><p data-start=\"907\" data-end=\"928\">Num\u00e9ro de t\u00e9l\u00e9phone<\/p><\/li><li data-start=\"929\" data-end=\"980\"><p data-start=\"931\" data-end=\"980\">Messages envoy\u00e9s via les formulaires de contact<\/p><\/li><li data-start=\"981\" data-end=\"1068\"><p data-start=\"983\" data-end=\"1068\">Donn\u00e9es de navigation (adresse IP, navigateur, temps de visite, etc.) via des cookies<\/p><\/li><\/ul><h3 data-start=\"1070\" data-end=\"1101\">4. Finalit\u00e9s de la collecte<\/h3><p data-start=\"1103\" data-end=\"1161\">Les donn\u00e9es personnelles recueillies sont utilis\u00e9es pour :<\/p><ul data-start=\"1163\" data-end=\"1432\"><li data-start=\"1163\" data-end=\"1222\"><p data-start=\"1165\" data-end=\"1222\">R\u00e9pondre \u00e0 vos demandes via notre formulaire de contact<\/p><\/li><li data-start=\"1223\" data-end=\"1325\"><p data-start=\"1225\" data-end=\"1325\">Vous transmettre des informations sur notre domaine ou nos produits (si vous en faites la demande)<\/p><\/li><li data-start=\"1326\" data-end=\"1393\"><p data-start=\"1328\" data-end=\"1393\">Am\u00e9liorer la navigation et l\u2019exp\u00e9rience utilisateur sur le site<\/p><\/li><li data-start=\"1394\" data-end=\"1432\"><p data-start=\"1396\" data-end=\"1432\">Assurer la s\u00e9curit\u00e9 du site internet<\/p><\/li><\/ul><h3 data-start=\"1434\" data-end=\"1452\">5. Base l\u00e9gale<\/h3><p data-start=\"1454\" data-end=\"1625\">La base l\u00e9gale de ce traitement repose sur votre <strong data-start=\"1503\" data-end=\"1519\">consentement<\/strong> (formulaires), notre <strong data-start=\"1541\" data-end=\"1561\">int\u00e9r\u00eat l\u00e9gitime<\/strong> (analyse statistique, s\u00e9curit\u00e9) ou nos <strong data-start=\"1601\" data-end=\"1624\">obligations l\u00e9gales<\/strong>.<\/p><h3 data-start=\"1627\" data-end=\"1659\">6. Destinataires des donn\u00e9es<\/h3><p data-start=\"1661\" data-end=\"1923\">Vos donn\u00e9es sont exclusivement destin\u00e9es \u00e0 notre domaine et \u00e0 nos prestataires techniques (h\u00e9bergeur, outils statistiques) dans la limite n\u00e9cessaire \u00e0 leur intervention.<br data-start=\"1830\" data-end=\"1833\" \/>Elles ne sont <strong data-start=\"1847\" data-end=\"1886\">jamais vendues, c\u00e9d\u00e9es ou \u00e9chang\u00e9es<\/strong> \u00e0 des tiers \u00e0 des fins commerciales.<\/p><h3 data-start=\"1925\" data-end=\"1953\">7. Dur\u00e9e de conservation<\/h3><p data-start=\"1955\" data-end=\"1997\">Vos donn\u00e9es personnelles sont conserv\u00e9es :<\/p><ul data-start=\"1999\" data-end=\"2169\"><li data-start=\"1999\" data-end=\"2079\"><p data-start=\"2001\" data-end=\"2079\">Pour les formulaires de contact : pendant 3 ans \u00e0 compter du dernier contact<\/p><\/li><li data-start=\"2080\" data-end=\"2118\"><p data-start=\"2082\" data-end=\"2118\">Pour les cookies : 13 mois maximum<\/p><\/li><li data-start=\"2119\" data-end=\"2169\"><p data-start=\"2121\" data-end=\"2169\">Pour les statistiques anonymes : dur\u00e9e illimit\u00e9e<\/p><\/li><\/ul><h3 data-start=\"2171\" data-end=\"2185\">8. Cookies<\/h3><p data-start=\"2187\" data-end=\"2392\">Le site <strong data-start=\"2195\" data-end=\"2223\">domainejeanyvesbizot.com<\/strong> utilise des cookies afin d\u2019am\u00e9liorer votre navigation et r\u00e9aliser des statistiques de fr\u00e9quentation.<br data-start=\"2324\" data-end=\"2327\" \/>Vous pouvez configurer votre navigateur pour refuser les cookies.<\/p><h3 data-start=\"2394\" data-end=\"2411\">9. Vos droits<\/h3><p data-start=\"2413\" data-end=\"2524\">Conform\u00e9ment au <strong data-start=\"2429\" data-end=\"2487\">R\u00e8glement G\u00e9n\u00e9ral sur la Protection des Donn\u00e9es (RGPD)<\/strong>, vous disposez des droits suivants :<\/p><ul data-start=\"2526\" data-end=\"2715\"><li data-start=\"2526\" data-end=\"2557\"><p data-start=\"2528\" data-end=\"2557\">Droit d\u2019acc\u00e8s \u00e0 vos donn\u00e9es<\/p><\/li><li data-start=\"2558\" data-end=\"2584\"><p data-start=\"2560\" data-end=\"2584\">Droit de rectification<\/p><\/li><li data-start=\"2585\" data-end=\"2627\"><p data-start=\"2587\" data-end=\"2627\">Droit \u00e0 l\u2019effacement (droit \u00e0 l\u2019oubli)<\/p><\/li><li data-start=\"2628\" data-end=\"2650\"><p data-start=\"2630\" data-end=\"2650\">Droit d\u2019opposition<\/p><\/li><li data-start=\"2651\" data-end=\"2690\"><p data-start=\"2653\" data-end=\"2690\">Droit \u00e0 la limitation du traitement<\/p><\/li><li data-start=\"2691\" data-end=\"2715\"><p data-start=\"2693\" data-end=\"2715\">Droit \u00e0 la portabilit\u00e9<\/p><\/li><\/ul><p data-start=\"2717\" data-end=\"2760\">Pour exercer ces droits, contactez-nous \u00e0 :<\/p><p data-start=\"2762\" data-end=\"2830\"><strong data-start=\"2762\" data-end=\"2798\"><a class=\"cursor-pointer\" rel=\"noopener\" data-start=\"2764\" data-end=\"2796\">contact@domainejeanyvesbizot.com<\/a><\/strong><br data-start=\"2798\" data-end=\"2801\" \/>ou par courrier \u00e0 l\u2019adresse :<\/p><p data-start=\"2832\" data-end=\"2907\"><strong data-start=\"2832\" data-end=\"2859\">Domaine Jean-Yves Bizot<\/strong><br data-start=\"2859\" data-end=\"2862\" \/>9 Rue de la Grand Velle<br data-start=\"2885\" data-end=\"2888\" \/>21700 Vosne-Roman\u00e9e<\/p><h3 data-start=\"2909\" data-end=\"2937\">10. S\u00e9curit\u00e9 des donn\u00e9es<\/h3><p data-start=\"2939\" data-end=\"3117\">Nous mettons en \u0153uvre les mesures techniques et organisationnelles appropri\u00e9es pour prot\u00e9ger vos donn\u00e9es contre tout acc\u00e8s non autoris\u00e9, modification, divulgation ou destruction.<\/p>\t\t\t\t\t\t\t\t<\/div>\n\t\t\t\t\t<\/div>\n\t\t\t\t<\/div>\n\t\t\t\t<\/div>","protected":false},"excerpt":{"rendered":"<p>1. Introduction La pr\u00e9sente politique de confidentialit\u00e9 a pour but de vous informer de mani\u00e8re claire et transparente sur la mani\u00e8re dont le Domaine Jean-Yves Bizot collecte, utilise et prot\u00e8ge vos donn\u00e9es personnelles lors de votre navigation sur le site domainejeanyvesbizot.com. 2. Responsable du traitement Le responsable du traitement est : Domaine Jean-Yves Bizot9 Rue [&hellip;]<\/p>\n","protected":false},"author":1,"featured_media":0,"parent":0,"menu_order":0,"comment_status":"closed","ping_status":"closed","template":"","meta":{"footnotes":""},"class_list":["post-383","page","type-page","status-publish","hentry"],"yoast_head":"<!-- This site is optimized with the Yoast SEO plugin v27.1.1 - https:\/\/yoast.com\/product\/yoast-seo-wordpress\/ -->\n<title>Politique de confidentialit\u00e9 - Domaine Jean-Yves BIZOT<\/title>\n<meta name=\"robots\" content=\"index, follow, max-snippet:-1, max-image-preview:large, max-video-preview:-1\" \/>\n<link rel=\"canonical\" href=\"https:\/\/domainejeanyvesbizot.com\/en\/politique-de-confidentialite\/\" \/>\n<meta property=\"og:locale\" content=\"en_US\" \/>\n<meta property=\"og:type\" content=\"article\" \/>\n<meta property=\"og:title\" content=\"Politique de confidentialit\u00e9 - Domaine Jean-Yves BIZOT\" \/>\n<meta property=\"og:description\" content=\"1. Introduction La pr\u00e9sente politique de confidentialit\u00e9 a pour but de vous informer de mani\u00e8re claire et transparente sur la mani\u00e8re dont le Domaine Jean-Yves Bizot collecte, utilise et prot\u00e8ge vos donn\u00e9es personnelles lors de votre navigation sur le site domainejeanyvesbizot.com. 2. Responsable du traitement Le responsable du traitement est : Domaine Jean-Yves Bizot9 Rue [&hellip;]\" \/>\n<meta property=\"og:url\" content=\"https:\/\/domainejeanyvesbizot.com\/en\/politique-de-confidentialite\/\" \/>\n<meta property=\"og:site_name\" content=\"Domaine Jean-Yves BIZOT\" \/>\n<meta property=\"article:modified_time\" content=\"2025-07-18T14:26:38+00:00\" \/>\n<meta name=\"twitter:card\" content=\"summary_large_image\" \/>\n<meta name=\"twitter:label1\" content=\"Est. reading time\" \/>\n\t<meta name=\"twitter:data1\" content=\"2 minutes\" \/>\n<script type=\"application\/ld+json\" class=\"yoast-schema-graph\">{\"@context\":\"https:\/\/schema.org\",\"@graph\":[{\"@type\":\"WebPage\",\"@id\":\"https:\/\/domainejeanyvesbizot.com\/politique-de-confidentialite\/\",\"url\":\"https:\/\/domainejeanyvesbizot.com\/politique-de-confidentialite\/\",\"name\":\"Politique de confidentialit\u00e9 - Domaine Jean-Yves BIZOT\",\"isPartOf\":{\"@id\":\"https:\/\/domainejeanyvesbizot.com\/#website\"},\"datePublished\":\"2025-07-16T10:00:07+00:00\",\"dateModified\":\"2025-07-18T14:26:38+00:00\",\"breadcrumb\":{\"@id\":\"https:\/\/domainejeanyvesbizot.com\/politique-de-confidentialite\/#breadcrumb\"},\"inLanguage\":\"en-US\",\"potentialAction\":[{\"@type\":\"ReadAction\",\"target\":[\"https:\/\/domainejeanyvesbizot.com\/politique-de-confidentialite\/\"]}]},{\"@type\":\"BreadcrumbList\",\"@id\":\"https:\/\/domainejeanyvesbizot.com\/politique-de-confidentialite\/#breadcrumb\",\"itemListElement\":[{\"@type\":\"ListItem\",\"position\":1,\"name\":\"Home\",\"item\":\"https:\/\/domainejeanyvesbizot.com\/\"},{\"@type\":\"ListItem\",\"position\":2,\"name\":\"Politique de confidentialit\u00e9\"}]},{\"@type\":\"WebSite\",\"@id\":\"https:\/\/domainejeanyvesbizot.com\/#website\",\"url\":\"https:\/\/domainejeanyvesbizot.com\/\",\"name\":\"Domaine Jean-Yves BIZOT\",\"description\":\"Bourgogne Grands Crus\",\"publisher\":{\"@id\":\"https:\/\/domainejeanyvesbizot.com\/#organization\"},\"potentialAction\":[{\"@type\":\"SearchAction\",\"target\":{\"@type\":\"EntryPoint\",\"urlTemplate\":\"https:\/\/domainejeanyvesbizot.com\/?s={search_term_string}\"},\"query-input\":{\"@type\":\"PropertyValueSpecification\",\"valueRequired\":true,\"valueName\":\"search_term_string\"}}],\"inLanguage\":\"en-US\"},{\"@type\":\"Organization\",\"@id\":\"https:\/\/domainejeanyvesbizot.com\/#organization\",\"name\":\"Domaine Jean-Yves BIZOT\",\"url\":\"https:\/\/domainejeanyvesbizot.com\/\",\"logo\":{\"@type\":\"ImageObject\",\"inLanguage\":\"en-US\",\"@id\":\"https:\/\/domainejeanyvesbizot.com\/#\/schema\/logo\/image\/\",\"url\":\"https:\/\/domainejeanyvesbizot.com\/wp-content\/uploads\/2025\/07\/cropped-logo-trans.png\",\"contentUrl\":\"https:\/\/domainejeanyvesbizot.com\/wp-content\/uploads\/2025\/07\/cropped-logo-trans.png\",\"width\":1764,\"height\":503,\"caption\":\"Domaine Jean-Yves BIZOT\"},\"image\":{\"@id\":\"https:\/\/domainejeanyvesbizot.com\/#\/schema\/logo\/image\/\"}}]}<\/script>\n<!-- \/ Yoast SEO plugin. -->","yoast_head_json":{"title":"Politique de confidentialit\u00e9 - Domaine Jean-Yves BIZOT","robots":{"index":"index","follow":"follow","max-snippet":"max-snippet:-1","max-image-preview":"max-image-preview:large","max-video-preview":"max-video-preview:-1"},"canonical":"https:\/\/domainejeanyvesbizot.com\/en\/politique-de-confidentialite\/","og_locale":"en_US","og_type":"article","og_title":"Politique de confidentialit\u00e9 - Domaine Jean-Yves BIZOT","og_description":"1. Introduction La pr\u00e9sente politique de confidentialit\u00e9 a pour but de vous informer de mani\u00e8re claire et transparente sur la mani\u00e8re dont le Domaine Jean-Yves Bizot collecte, utilise et prot\u00e8ge vos donn\u00e9es personnelles lors de votre navigation sur le site domainejeanyvesbizot.com. 2. Responsable du traitement Le responsable du traitement est : Domaine Jean-Yves Bizot9 Rue [&hellip;]","og_url":"https:\/\/domainejeanyvesbizot.com\/en\/politique-de-confidentialite\/","og_site_name":"Domaine Jean-Yves BIZOT","article_modified_time":"2025-07-18T14:26:38+00:00","twitter_card":"summary_large_image","twitter_misc":{"Est. reading time":"2 minutes"},"schema":{"@context":"https:\/\/schema.org","@graph":[{"@type":"WebPage","@id":"https:\/\/domainejeanyvesbizot.com\/politique-de-confidentialite\/","url":"https:\/\/domainejeanyvesbizot.com\/politique-de-confidentialite\/","name":"Politique de confidentialit\u00e9 - Domaine Jean-Yves BIZOT","isPartOf":{"@id":"https:\/\/domainejeanyvesbizot.com\/#website"},"datePublished":"2025-07-16T10:00:07+00:00","dateModified":"2025-07-18T14:26:38+00:00","breadcrumb":{"@id":"https:\/\/domainejeanyvesbizot.com\/politique-de-confidentialite\/#breadcrumb"},"inLanguage":"en-US","potentialAction":[{"@type":"ReadAction","target":["https:\/\/domainejeanyvesbizot.com\/politique-de-confidentialite\/"]}]},{"@type":"BreadcrumbList","@id":"https:\/\/domainejeanyvesbizot.com\/politique-de-confidentialite\/#breadcrumb","itemListElement":[{"@type":"ListItem","position":1,"name":"Home","item":"https:\/\/domainejeanyvesbizot.com\/"},{"@type":"ListItem","position":2,"name":"Politique de confidentialit\u00e9"}]},{"@type":"WebSite","@id":"https:\/\/domainejeanyvesbizot.com\/#website","url":"https:\/\/domainejeanyvesbizot.com\/","name":"Domaine Jean-Yves BIZOT","description":"Bourgogne Grands Crus","publisher":{"@id":"https:\/\/domainejeanyvesbizot.com\/#organization"},"potentialAction":[{"@type":"SearchAction","target":{"@type":"EntryPoint","urlTemplate":"https:\/\/domainejeanyvesbizot.com\/?s={search_term_string}"},"query-input":{"@type":"PropertyValueSpecification","valueRequired":true,"valueName":"search_term_string"}}],"inLanguage":"en-US"},{"@type":"Organization","@id":"https:\/\/domainejeanyvesbizot.com\/#organization","name":"Domaine Jean-Yves BIZOT","url":"https:\/\/domainejeanyvesbizot.com\/","logo":{"@type":"ImageObject","inLanguage":"en-US","@id":"https:\/\/domainejeanyvesbizot.com\/#\/schema\/logo\/image\/","url":"https:\/\/domainejeanyvesbizot.com\/wp-content\/uploads\/2025\/07\/cropped-logo-trans.png","contentUrl":"https:\/\/domainejeanyvesbizot.com\/wp-content\/uploads\/2025\/07\/cropped-logo-trans.png","width":1764,"height":503,"caption":"Domaine Jean-Yves BIZOT"},"image":{"@id":"https:\/\/domainejeanyvesbizot.com\/#\/schema\/logo\/image\/"}}]}},"_links":{"self":[{"href":"https:\/\/domainejeanyvesbizot.com\/en\/wp-json\/wp\/v2\/pages\/383","targetHints":{"allow":["GET"]}}],"collection":[{"href":"https:\/\/domainejeanyvesbizot.com\/en\/wp-json\/wp\/v2\/pages"}],"about":[{"href":"https:\/\/domainejeanyvesbizot.com\/en\/wp-json\/wp\/v2\/types\/page"}],"author":[{"embeddable":true,"href":"https:\/\/domainejeanyvesbizot.com\/en\/wp-json\/wp\/v2\/users\/1"}],"replies":[{"embeddable":true,"href":"https:\/\/domainejeanyvesbizot.com\/en\/wp-json\/wp\/v2\/comments?post=383"}],"version-history":[{"count":5,"href":"https:\/\/domainejeanyvesbizot.com\/en\/wp-json\/wp\/v2\/pages\/383\/revisions"}],"predecessor-version":[{"id":458,"href":"https:\/\/domainejeanyvesbizot.com\/en\/wp-json\/wp\/v2\/pages\/383\/revisions\/458"}],"wp:attachment":[{"href":"https:\/\/domainejeanyvesbizot.com\/en\/wp-json\/wp\/v2\/media?parent=383"}],"curies":[{"name":"wp","href":"https:\/\/api.w.org\/{rel}","templated":true}]}}